{"id":1734,"date":"2024-02-27T15:01:52","date_gmt":"2024-02-27T18:01:52","guid":{"rendered":"https:\/\/nipagri.com.br\/?page_id=1734"},"modified":"2025-11-02T19:38:13","modified_gmt":"2025-11-02T22:38:13","slug":"elementor-1734","status":"publish","type":"page","link":"https:\/\/nipagri.com.br\/index.php\/elementor-1734\/","title":{"rendered":"CBAgro 2023"},"content":{"rendered":"\t\t<div data-elementor-type=\"wp-page\" data-elementor-id=\"1734\" class=\"elementor elementor-1734\">\n\t\t\t\t\t\t<section class=\"elementor-section elementor-top-section elementor-element elementor-element-0dcfbfb elementor-section-boxed elementor-section-height-default elementor-section-height-default\" data-id=\"0dcfbfb\" data-element_type=\"section\">\n\t\t\t\t\t\t<div class=\"elementor-container elementor-column-gap-default\">\n\t\t\t\t\t<div class=\"elementor-column elementor-col-100 elementor-top-column elementor-element elementor-element-4151ba4\" data-id=\"4151ba4\" data-element_type=\"column\">\n\t\t\t<div class=\"elementor-widget-wrap elementor-element-populated\">\n\t\t\t\t\t\t<div class=\"elementor-element elementor-element-bad5d11 elementor-widget elementor-widget-image\" data-id=\"bad5d11\" data-element_type=\"widget\" data-widget_type=\"image.default\">\n\t\t\t\t<div class=\"elementor-widget-container\">\n\t\t\t<style>\/*! elementor - v3.20.0 - 26-03-2024 *\/\n.elementor-widget-image{text-align:center}.elementor-widget-image a{display:inline-block}.elementor-widget-image a img[src$=\".svg\"]{width:48px}.elementor-widget-image img{vertical-align:middle;display:inline-block}<\/style>\t\t\t\t\t\t\t\t\t\t<img decoding=\"async\" src=\"https:\/\/nipagri.com.br\/wp-content\/uploads\/2024\/02\/CBAgro.png\" title=\"CBAgro\" alt=\"CBAgro\" loading=\"lazy\" \/>\t\t\t\t\t\t\t\t\t\t\t\t\t<\/div>\n\t\t\t\t<\/div>\n\t\t\t\t<div class=\"elementor-element elementor-element-52344e3 elementor-widget elementor-widget-heading\" data-id=\"52344e3\" data-element_type=\"widget\" data-widget_type=\"heading.default\">\n\t\t\t\t<div class=\"elementor-widget-container\">\n\t\t\t<style>\/*! elementor - v3.20.0 - 26-03-2024 *\/\n.elementor-heading-title{padding:0;margin:0;line-height:1}.elementor-widget-heading .elementor-heading-title[class*=elementor-size-]>a{color:inherit;font-size:inherit;line-height:inherit}.elementor-widget-heading .elementor-heading-title.elementor-size-small{font-size:15px}.elementor-widget-heading .elementor-heading-title.elementor-size-medium{font-size:19px}.elementor-widget-heading .elementor-heading-title.elementor-size-large{font-size:29px}.elementor-widget-heading .elementor-heading-title.elementor-size-xl{font-size:39px}.elementor-widget-heading .elementor-heading-title.elementor-size-xxl{font-size:59px}<\/style><h1 class=\"elementor-heading-title elementor-size-default\">XXII Congresso Brasileiro de Agrometeorologia<\/h1>\t\t<\/div>\n\t\t\t\t<\/div>\n\t\t\t\t<div class=\"elementor-element elementor-element-6945bcf elementor-widget elementor-widget-text-editor\" data-id=\"6945bcf\" data-element_type=\"widget\" data-widget_type=\"text-editor.default\">\n\t\t\t\t<div class=\"elementor-widget-container\">\n\t\t\t<style>\/*! elementor - v3.20.0 - 26-03-2024 *\/\n.elementor-widget-text-editor.elementor-drop-cap-view-stacked .elementor-drop-cap{background-color:#69727d;color:#fff}.elementor-widget-text-editor.elementor-drop-cap-view-framed .elementor-drop-cap{color:#69727d;border:3px solid;background-color:transparent}.elementor-widget-text-editor:not(.elementor-drop-cap-view-default) .elementor-drop-cap{margin-top:8px}.elementor-widget-text-editor:not(.elementor-drop-cap-view-default) .elementor-drop-cap-letter{width:1em;height:1em}.elementor-widget-text-editor .elementor-drop-cap{float:left;text-align:center;line-height:1;font-size:50px}.elementor-widget-text-editor .elementor-drop-cap-letter{display:inline-block}<\/style>\t\t\t\t<p>O evento XXII Congresso Brasileiro de Agrometeorologia (vig\u00e9sima segunda edi\u00e7\u00e3o), foi realizado entre os dias 03 e 06 de outubro de 2023, e teve como tema &#8220;A Agrometeorologia e a Agropecu\u00e1ria: Adapta\u00e7\u00e3o \u00e0s Mudan\u00e7as Clim\u00e1ticas&#8221;.<\/p><p>O grupo NIPAgri participou com a submiss\u00e3o de dois trabalhos:<\/p><p>&#8220;An\u00e1lise do banco de dados meteorol\u00f3gicos em grade Xavier aplicada \u00e0 munic\u00edpios de Minas Gerais&#8221;<\/p><p>&#8220;Desempenho de m\u00e9todos de estimativa da evapotranspira\u00e7\u00e3o de refer\u00eancia no Vale do Jequitinhonha\/MG&#8221;<\/p><p>Estes trabalhos se encontram dispon\u00edveis nos anais do evento.<\/p>\t\t\t\t\t\t<\/div>\n\t\t\t\t<\/div>\n\t\t\t\t\t<\/div>\n\t\t<\/div>\n\t\t\t\t\t<\/div>\n\t\t<\/section>\n\t\t\t\t<section class=\"elementor-section elementor-top-section elementor-element elementor-element-1b2a623 elementor-section-boxed elementor-section-height-default elementor-section-height-default\" data-id=\"1b2a623\" data-element_type=\"section\">\n\t\t\t\t\t\t<div class=\"elementor-container elementor-column-gap-default\">\n\t\t\t\t\t<div class=\"elementor-column elementor-col-100 elementor-top-column elementor-element elementor-element-f0d7e70\" data-id=\"f0d7e70\" data-element_type=\"column\">\n\t\t\t<div class=\"elementor-widget-wrap elementor-element-populated\">\n\t\t\t\t\t\t<div class=\"elementor-element elementor-element-b76612b elementor-widget elementor-widget-heading\" data-id=\"b76612b\" data-element_type=\"widget\" data-widget_type=\"heading.default\">\n\t\t\t\t<div class=\"elementor-widget-container\">\n\t\t\t<h2 class=\"elementor-heading-title elementor-size-default\">Anais do evento<\/h2>\t\t<\/div>\n\t\t\t\t<\/div>\n\t\t\t\t\t<\/div>\n\t\t<\/div>\n\t\t\t\t\t<\/div>\n\t\t<\/section>\n\t\t\t\t<section class=\"elementor-section elementor-top-section elementor-element elementor-element-b84423c elementor-section-boxed elementor-section-height-default elementor-section-height-default\" data-id=\"b84423c\" data-element_type=\"section\">\n\t\t\t\t\t\t<div class=\"elementor-container elementor-column-gap-default\">\n\t\t\t\t\t<div class=\"elementor-column elementor-col-100 elementor-top-column elementor-element elementor-element-b0167e5\" data-id=\"b0167e5\" data-element_type=\"column\">\n\t\t\t<div class=\"elementor-widget-wrap elementor-element-populated\">\n\t\t\t\t\t\t\t<\/div>\n\t\t<\/div>\n\t\t\t\t\t<\/div>\n\t\t<\/section>\n\t\t\t\t<\/div>\n\t\t","protected":false},"excerpt":{"rendered":"<p>XXII Congresso Brasileiro de Agrometeorologia O evento XXII Congresso Brasileiro de Agrometeorologia (vig\u00e9sima segunda edi\u00e7\u00e3o), foi realizado entre os dias 03 e 06 de outubro de 2023, e teve como tema &#8220;A Agrometeorologia e a Agropecu\u00e1ria: Adapta\u00e7\u00e3o \u00e0s Mudan\u00e7as Clim\u00e1ticas&#8221;. O grupo NIPAgri participou com a submiss\u00e3o de dois trabalhos: &#8220;An\u00e1lise do banco de dados [&hellip;]<\/p>\n","protected":false},"author":1,"featured_media":0,"parent":0,"menu_order":0,"comment_status":"closed","ping_status":"closed","template":"","meta":{"om_disable_all_campaigns":false,"_monsterinsights_skip_tracking":false,"_monsterinsights_sitenote_active":false,"_monsterinsights_sitenote_note":"","_monsterinsights_sitenote_category":0,"ocean_post_layout":"","ocean_both_sidebars_style":"","ocean_both_sidebars_content_width":0,"ocean_both_sidebars_sidebars_width":0,"ocean_sidebar":"0","ocean_second_sidebar":"0","ocean_disable_margins":"enable","ocean_add_body_class":"","ocean_shortcode_before_top_bar":"","ocean_shortcode_after_top_bar":"","ocean_shortcode_before_header":"","ocean_shortcode_after_header":"","ocean_has_shortcode":"","ocean_shortcode_after_title":"","ocean_shortcode_before_footer_widgets":"","ocean_shortcode_after_footer_widgets":"","ocean_shortcode_before_footer_bottom":"","ocean_shortcode_after_footer_bottom":"","ocean_display_top_bar":"default","ocean_display_header":"default","ocean_header_style":"","ocean_center_header_left_menu":"0","ocean_custom_header_template":"0","ocean_custom_logo":0,"ocean_custom_retina_logo":0,"ocean_custom_logo_max_width":0,"ocean_custom_logo_tablet_max_width":0,"ocean_custom_logo_mobile_max_width":0,"ocean_custom_logo_max_height":0,"ocean_custom_logo_tablet_max_height":0,"ocean_custom_logo_mobile_max_height":0,"ocean_header_custom_menu":"0","ocean_menu_typo_font_family":"0","ocean_menu_typo_font_subset":"","ocean_menu_typo_font_size":0,"ocean_menu_typo_font_size_tablet":0,"ocean_menu_typo_font_size_mobile":0,"ocean_menu_typo_font_size_unit":"px","ocean_menu_typo_font_weight":"","ocean_menu_typo_font_weight_tablet":"","ocean_menu_typo_font_weight_mobile":"","ocean_menu_typo_transform":"","ocean_menu_typo_transform_tablet":"","ocean_menu_typo_transform_mobile":"","ocean_menu_typo_line_height":0,"ocean_menu_typo_line_height_tablet":0,"ocean_menu_typo_line_height_mobile":0,"ocean_menu_typo_line_height_unit":"","ocean_menu_typo_spacing":0,"ocean_menu_typo_spacing_tablet":0,"ocean_menu_typo_spacing_mobile":0,"ocean_menu_typo_spacing_unit":"","ocean_menu_link_color":"","ocean_menu_link_color_hover":"","ocean_menu_link_color_active":"","ocean_menu_link_background":"","ocean_menu_link_hover_background":"","ocean_menu_link_active_background":"","ocean_menu_social_links_bg":"","ocean_menu_social_hover_links_bg":"","ocean_menu_social_links_color":"","ocean_menu_social_hover_links_color":"","ocean_disable_title":"default","ocean_disable_heading":"default","ocean_post_title":"","ocean_post_subheading":"","ocean_post_title_style":"","ocean_post_title_background_color":"","ocean_post_title_background":0,"ocean_post_title_bg_image_position":"","ocean_post_title_bg_image_attachment":"","ocean_post_title_bg_image_repeat":"","ocean_post_title_bg_image_size":"","ocean_post_title_height":0,"ocean_post_title_bg_overlay":0.5,"ocean_post_title_bg_overlay_color":"","ocean_disable_breadcrumbs":"default","ocean_breadcrumbs_color":"","ocean_breadcrumbs_separator_color":"","ocean_breadcrumbs_links_color":"","ocean_breadcrumbs_links_hover_color":"","ocean_display_footer_widgets":"default","ocean_display_footer_bottom":"default","ocean_custom_footer_template":"0","footnotes":""},"class_list":["post-1734","page","type-page","status-publish","hentry","entry"],"yoast_head":"<!-- This site is optimized with the Yoast SEO plugin v22.3 - https:\/\/yoast.com\/wordpress\/plugins\/seo\/ -->\n<title>CBAgro 2023 -<\/title>\n<meta name=\"robots\" content=\"index, follow, max-snippet:-1, max-image-preview:large, max-video-preview:-1\" \/>\n<link rel=\"canonical\" href=\"https:\/\/nipagri.com.br\/index.php\/elementor-1734\/\" \/>\n<meta property=\"og:locale\" content=\"pt_BR\" \/>\n<meta property=\"og:type\" content=\"article\" \/>\n<meta property=\"og:title\" content=\"CBAgro 2023 -\" \/>\n<meta property=\"og:description\" content=\"XXII Congresso Brasileiro de Agrometeorologia O evento XXII Congresso Brasileiro de Agrometeorologia (vig\u00e9sima segunda edi\u00e7\u00e3o), foi realizado entre os dias 03 e 06 de outubro de 2023, e teve como tema &#8220;A Agrometeorologia e a Agropecu\u00e1ria: Adapta\u00e7\u00e3o \u00e0s Mudan\u00e7as Clim\u00e1ticas&#8221;. O grupo NIPAgri participou com a submiss\u00e3o de dois trabalhos: &#8220;An\u00e1lise do banco de dados [&hellip;]\" \/>\n<meta property=\"og:url\" content=\"https:\/\/nipagri.com.br\/index.php\/elementor-1734\/\" \/>\n<meta property=\"article:modified_time\" content=\"2025-11-02T22:38:13+00:00\" \/>\n<meta property=\"og:image\" content=\"http:\/\/nipagri.com.br\/wp-content\/uploads\/elementor\/thumbs\/CBAgro-qkfqh60657lpakpn9pgsyrvpv1jfrx66ggygy4ziio.png\" \/>\n<meta name=\"twitter:card\" content=\"summary_large_image\" \/>\n<meta name=\"twitter:label1\" content=\"Est. tempo de leitura\" \/>\n\t<meta name=\"twitter:data1\" content=\"1 minuto\" \/>\n<script type=\"application\/ld+json\" class=\"yoast-schema-graph\">{\"@context\":\"https:\/\/schema.org\",\"@graph\":[{\"@type\":\"WebPage\",\"@id\":\"https:\/\/nipagri.com.br\/index.php\/elementor-1734\/\",\"url\":\"https:\/\/nipagri.com.br\/index.php\/elementor-1734\/\",\"name\":\"CBAgro 2023 -\",\"isPartOf\":{\"@id\":\"https:\/\/nipagri.com.br\/#website\"},\"primaryImageOfPage\":{\"@id\":\"https:\/\/nipagri.com.br\/index.php\/elementor-1734\/#primaryimage\"},\"image\":{\"@id\":\"https:\/\/nipagri.com.br\/index.php\/elementor-1734\/#primaryimage\"},\"thumbnailUrl\":\"http:\/\/nipagri.com.br\/wp-content\/uploads\/elementor\/thumbs\/CBAgro-qkfqh60657lpakpn9pgsyrvpv1jfrx66ggygy4ziio.png\",\"datePublished\":\"2024-02-27T18:01:52+00:00\",\"dateModified\":\"2025-11-02T22:38:13+00:00\",\"breadcrumb\":{\"@id\":\"https:\/\/nipagri.com.br\/index.php\/elementor-1734\/#breadcrumb\"},\"inLanguage\":\"pt-BR\",\"potentialAction\":[{\"@type\":\"ReadAction\",\"target\":[\"https:\/\/nipagri.com.br\/index.php\/elementor-1734\/\"]}]},{\"@type\":\"ImageObject\",\"inLanguage\":\"pt-BR\",\"@id\":\"https:\/\/nipagri.com.br\/index.php\/elementor-1734\/#primaryimage\",\"url\":\"http:\/\/nipagri.com.br\/wp-content\/uploads\/elementor\/thumbs\/CBAgro-qkfqh60657lpakpn9pgsyrvpv1jfrx66ggygy4ziio.png\",\"contentUrl\":\"http:\/\/nipagri.com.br\/wp-content\/uploads\/elementor\/thumbs\/CBAgro-qkfqh60657lpakpn9pgsyrvpv1jfrx66ggygy4ziio.png\"},{\"@type\":\"BreadcrumbList\",\"@id\":\"https:\/\/nipagri.com.br\/index.php\/elementor-1734\/#breadcrumb\",\"itemListElement\":[{\"@type\":\"ListItem\",\"position\":1,\"name\":\"In\u00edcio\",\"item\":\"https:\/\/nipagri.com.br\/\"},{\"@type\":\"ListItem\",\"position\":2,\"name\":\"CBAgro 2023\"}]},{\"@type\":\"WebSite\",\"@id\":\"https:\/\/nipagri.com.br\/#website\",\"url\":\"https:\/\/nipagri.com.br\/\",\"name\":\"\",\"description\":\"N\u00facleo Integrado de Pesquisas em Agrometeorologia e Produtividade da \u00c1gua na Agricultura (Site em constru\u00e7\u00e3o)\",\"potentialAction\":[{\"@type\":\"SearchAction\",\"target\":{\"@type\":\"EntryPoint\",\"urlTemplate\":\"https:\/\/nipagri.com.br\/?s={search_term_string}\"},\"query-input\":\"required name=search_term_string\"}],\"inLanguage\":\"pt-BR\"}]}<\/script>\n<!-- \/ Yoast SEO plugin. -->","yoast_head_json":{"title":"CBAgro 2023 -","robots":{"index":"index","follow":"follow","max-snippet":"max-snippet:-1","max-image-preview":"max-image-preview:large","max-video-preview":"max-video-preview:-1"},"canonical":"https:\/\/nipagri.com.br\/index.php\/elementor-1734\/","og_locale":"pt_BR","og_type":"article","og_title":"CBAgro 2023 -","og_description":"XXII Congresso Brasileiro de Agrometeorologia O evento XXII Congresso Brasileiro de Agrometeorologia (vig\u00e9sima segunda edi\u00e7\u00e3o), foi realizado entre os dias 03 e 06 de outubro de 2023, e teve como tema &#8220;A Agrometeorologia e a Agropecu\u00e1ria: Adapta\u00e7\u00e3o \u00e0s Mudan\u00e7as Clim\u00e1ticas&#8221;. O grupo NIPAgri participou com a submiss\u00e3o de dois trabalhos: &#8220;An\u00e1lise do banco de dados [&hellip;]","og_url":"https:\/\/nipagri.com.br\/index.php\/elementor-1734\/","article_modified_time":"2025-11-02T22:38:13+00:00","og_image":[{"url":"http:\/\/nipagri.com.br\/wp-content\/uploads\/elementor\/thumbs\/CBAgro-qkfqh60657lpakpn9pgsyrvpv1jfrx66ggygy4ziio.png"}],"twitter_card":"summary_large_image","twitter_misc":{"Est. tempo de leitura":"1 minuto"},"schema":{"@context":"https:\/\/schema.org","@graph":[{"@type":"WebPage","@id":"https:\/\/nipagri.com.br\/index.php\/elementor-1734\/","url":"https:\/\/nipagri.com.br\/index.php\/elementor-1734\/","name":"CBAgro 2023 -","isPartOf":{"@id":"https:\/\/nipagri.com.br\/#website"},"primaryImageOfPage":{"@id":"https:\/\/nipagri.com.br\/index.php\/elementor-1734\/#primaryimage"},"image":{"@id":"https:\/\/nipagri.com.br\/index.php\/elementor-1734\/#primaryimage"},"thumbnailUrl":"http:\/\/nipagri.com.br\/wp-content\/uploads\/elementor\/thumbs\/CBAgro-qkfqh60657lpakpn9pgsyrvpv1jfrx66ggygy4ziio.png","datePublished":"2024-02-27T18:01:52+00:00","dateModified":"2025-11-02T22:38:13+00:00","breadcrumb":{"@id":"https:\/\/nipagri.com.br\/index.php\/elementor-1734\/#breadcrumb"},"inLanguage":"pt-BR","potentialAction":[{"@type":"ReadAction","target":["https:\/\/nipagri.com.br\/index.php\/elementor-1734\/"]}]},{"@type":"ImageObject","inLanguage":"pt-BR","@id":"https:\/\/nipagri.com.br\/index.php\/elementor-1734\/#primaryimage","url":"http:\/\/nipagri.com.br\/wp-content\/uploads\/elementor\/thumbs\/CBAgro-qkfqh60657lpakpn9pgsyrvpv1jfrx66ggygy4ziio.png","contentUrl":"http:\/\/nipagri.com.br\/wp-content\/uploads\/elementor\/thumbs\/CBAgro-qkfqh60657lpakpn9pgsyrvpv1jfrx66ggygy4ziio.png"},{"@type":"BreadcrumbList","@id":"https:\/\/nipagri.com.br\/index.php\/elementor-1734\/#breadcrumb","itemListElement":[{"@type":"ListItem","position":1,"name":"In\u00edcio","item":"https:\/\/nipagri.com.br\/"},{"@type":"ListItem","position":2,"name":"CBAgro 2023"}]},{"@type":"WebSite","@id":"https:\/\/nipagri.com.br\/#website","url":"https:\/\/nipagri.com.br\/","name":"","description":"N\u00facleo Integrado de Pesquisas em Agrometeorologia e Produtividade da \u00c1gua na Agricultura (Site em constru\u00e7\u00e3o)","potentialAction":[{"@type":"SearchAction","target":{"@type":"EntryPoint","urlTemplate":"https:\/\/nipagri.com.br\/?s={search_term_string}"},"query-input":"required name=search_term_string"}],"inLanguage":"pt-BR"}]}},"_links":{"self":[{"href":"https:\/\/nipagri.com.br\/index.php\/wp-json\/wp\/v2\/pages\/1734","targetHints":{"allow":["GET"]}}],"collection":[{"href":"https:\/\/nipagri.com.br\/index.php\/wp-json\/wp\/v2\/pages"}],"about":[{"href":"https:\/\/nipagri.com.br\/index.php\/wp-json\/wp\/v2\/types\/page"}],"author":[{"embeddable":true,"href":"https:\/\/nipagri.com.br\/index.php\/wp-json\/wp\/v2\/users\/1"}],"replies":[{"embeddable":true,"href":"https:\/\/nipagri.com.br\/index.php\/wp-json\/wp\/v2\/comments?post=1734"}],"version-history":[{"count":29,"href":"https:\/\/nipagri.com.br\/index.php\/wp-json\/wp\/v2\/pages\/1734\/revisions"}],"predecessor-version":[{"id":2150,"href":"https:\/\/nipagri.com.br\/index.php\/wp-json\/wp\/v2\/pages\/1734\/revisions\/2150"}],"wp:attachment":[{"href":"https:\/\/nipagri.com.br\/index.php\/wp-json\/wp\/v2\/media?parent=1734"}],"curies":[{"name":"wp","href":"https:\/\/api.w.org\/{rel}","templated":true}]}}