{"id":283,"date":"2021-11-10T09:41:37","date_gmt":"2021-11-10T12:41:37","guid":{"rendered":"https:\/\/nipagri.com.br\/?page_id=283"},"modified":"2025-08-19T13:08:45","modified_gmt":"2025-08-19T16:08:45","slug":"pesquisas-finalizadas","status":"publish","type":"page","link":"https:\/\/nipagri.com.br\/index.php\/pesquisas-finalizadas\/","title":{"rendered":"Pesquisas Finalizadas"},"content":{"rendered":"\t\t<div data-elementor-type=\"wp-page\" data-elementor-id=\"283\" class=\"elementor elementor-283\">\n\t\t\t\t\t\t<section class=\"elementor-section elementor-top-section elementor-element elementor-element-30ac94d elementor-section-stretched elementor-section-boxed elementor-section-height-default elementor-section-height-default\" data-id=\"30ac94d\" data-element_type=\"section\" data-settings=\"{&quot;stretch_section&quot;:&quot;section-stretched&quot;,&quot;shape_divider_top&quot;:&quot;opacity-tilt&quot;}\">\n\t\t\t\t\t<div class=\"elementor-shape elementor-shape-top\" data-negative=\"false\">\n\t\t\t<svg xmlns=\"http:\/\/www.w3.org\/2000\/svg\" viewBox=\"0 0 2600 131.1\" preserveAspectRatio=\"none\">\n\t<path class=\"elementor-shape-fill\" d=\"M0 0L2600 0 2600 69.1 0 0z\"\/>\n\t<path class=\"elementor-shape-fill\" style=\"opacity:0.5\" d=\"M0 0L2600 0 2600 69.1 0 69.1z\"\/>\n\t<path class=\"elementor-shape-fill\" style=\"opacity:0.25\" d=\"M2600 0L0 0 0 130.1 2600 69.1z\"\/>\n<\/svg>\t\t<\/div>\n\t\t\t\t\t<div class=\"elementor-container elementor-column-gap-default\">\n\t\t\t\t\t<div class=\"elementor-column elementor-col-100 elementor-top-column elementor-element elementor-element-b6e4422\" data-id=\"b6e4422\" data-element_type=\"column\">\n\t\t\t<div class=\"elementor-widget-wrap\">\n\t\t\t\t\t\t\t<\/div>\n\t\t<\/div>\n\t\t\t\t\t<\/div>\n\t\t<\/section>\n\t\t\t\t<section class=\"elementor-section elementor-top-section elementor-element elementor-element-a9feb92 elementor-section-boxed elementor-section-height-default elementor-section-height-default\" data-id=\"a9feb92\" data-element_type=\"section\">\n\t\t\t\t\t\t<div class=\"elementor-container elementor-column-gap-default\">\n\t\t\t\t\t<div class=\"elementor-column elementor-col-100 elementor-top-column elementor-element elementor-element-a2f3a2d\" data-id=\"a2f3a2d\" data-element_type=\"column\">\n\t\t\t<div class=\"elementor-widget-wrap elementor-element-populated\">\n\t\t\t\t\t\t<div class=\"elementor-element elementor-element-528052b elementor-widget elementor-widget-heading\" data-id=\"528052b\" data-element_type=\"widget\" data-widget_type=\"heading.default\">\n\t\t\t\t<div class=\"elementor-widget-container\">\n\t\t\t<style>\/*! elementor - v3.20.0 - 26-03-2024 *\/\n.elementor-heading-title{padding:0;margin:0;line-height:1}.elementor-widget-heading .elementor-heading-title[class*=elementor-size-]>a{color:inherit;font-size:inherit;line-height:inherit}.elementor-widget-heading .elementor-heading-title.elementor-size-small{font-size:15px}.elementor-widget-heading .elementor-heading-title.elementor-size-medium{font-size:19px}.elementor-widget-heading .elementor-heading-title.elementor-size-large{font-size:29px}.elementor-widget-heading .elementor-heading-title.elementor-size-xl{font-size:39px}.elementor-widget-heading .elementor-heading-title.elementor-size-xxl{font-size:59px}<\/style><h1 class=\"elementor-heading-title elementor-size-large\">Pesquisas Finalizadas<\/h1>\t\t<\/div>\n\t\t\t\t<\/div>\n\t\t\t\t\t<\/div>\n\t\t<\/div>\n\t\t\t\t\t<\/div>\n\t\t<\/section>\n\t\t\t\t<section class=\"elementor-section elementor-top-section elementor-element elementor-element-3b90f69 elementor-section-boxed elementor-section-height-default elementor-section-height-default\" data-id=\"3b90f69\" data-element_type=\"section\">\n\t\t\t\t\t\t<div class=\"elementor-container elementor-column-gap-default\">\n\t\t\t\t\t<div class=\"elementor-column elementor-col-100 elementor-top-column elementor-element elementor-element-5de76d7\" data-id=\"5de76d7\" data-element_type=\"column\">\n\t\t\t<div class=\"elementor-widget-wrap elementor-element-populated\">\n\t\t\t\t\t\t<div class=\"elementor-element elementor-element-1c2a0cf elementor-widget elementor-widget-toggle\" data-id=\"1c2a0cf\" data-element_type=\"widget\" data-widget_type=\"toggle.default\">\n\t\t\t\t<div class=\"elementor-widget-container\">\n\t\t\t<style>\/*! elementor - v3.20.0 - 26-03-2024 *\/\n.elementor-toggle{text-align:left}.elementor-toggle .elementor-tab-title{font-weight:700;line-height:1;margin:0;padding:15px;border-bottom:1px solid #d5d8dc;cursor:pointer;outline:none}.elementor-toggle .elementor-tab-title .elementor-toggle-icon{display:inline-block;width:1em}.elementor-toggle .elementor-tab-title .elementor-toggle-icon svg{margin-inline-start:-5px;width:1em;height:1em}.elementor-toggle .elementor-tab-title .elementor-toggle-icon.elementor-toggle-icon-right{float:right;text-align:right}.elementor-toggle .elementor-tab-title .elementor-toggle-icon.elementor-toggle-icon-left{float:left;text-align:left}.elementor-toggle .elementor-tab-title .elementor-toggle-icon .elementor-toggle-icon-closed{display:block}.elementor-toggle .elementor-tab-title .elementor-toggle-icon .elementor-toggle-icon-opened{display:none}.elementor-toggle .elementor-tab-title.elementor-active{border-bottom:none}.elementor-toggle .elementor-tab-title.elementor-active .elementor-toggle-icon-closed{display:none}.elementor-toggle .elementor-tab-title.elementor-active .elementor-toggle-icon-opened{display:block}.elementor-toggle .elementor-tab-content{padding:15px;border-bottom:1px solid #d5d8dc;display:none}@media (max-width:767px){.elementor-toggle .elementor-tab-title{padding:12px}.elementor-toggle .elementor-tab-content{padding:12px 10px}}.e-con-inner>.elementor-widget-toggle,.e-con>.elementor-widget-toggle{width:var(--container-widget-width);--flex-grow:var(--container-widget-flex-grow)}<\/style>\t\t<div class=\"elementor-toggle\">\n\t\t\t\t\t\t\t<div class=\"elementor-toggle-item\">\n\t\t\t\t\t<div id=\"elementor-tab-title-2951\" class=\"elementor-tab-title\" data-tab=\"1\" role=\"button\" aria-controls=\"elementor-tab-content-2951\" aria-expanded=\"false\">\n\t\t\t\t\t\t\t\t\t\t\t\t<span class=\"elementor-toggle-icon elementor-toggle-icon-right\" aria-hidden=\"true\">\n\t\t\t\t\t\t\t\t\t\t\t\t\t\t\t<span class=\"elementor-toggle-icon-closed\"><i class=\"fas fa-chevron-down\"><\/i><\/span>\n\t\t\t\t\t\t\t\t<span class=\"elementor-toggle-icon-opened\"><i class=\"elementor-toggle-icon-opened fas fa-chevron-up\"><\/i><\/span>\n\t\t\t\t\t\t\t\t\t\t\t\t\t<\/span>\n\t\t\t\t\t\t\t\t\t\t\t\t<a class=\"elementor-toggle-title\" tabindex=\"0\">ESTUDO COMPARATIVO DA ESTIMATIVA DA EVAPOTRANSPIRA\u00c7\u00c3O DE REFER\u00caNCIA PARA LOCALIDADES DO VALE DO JEQUITINHONHA<\/a>\n\t\t\t\t\t<\/div>\n\n\t\t\t\t\t<div id=\"elementor-tab-content-2951\" class=\"elementor-tab-content elementor-clearfix\" data-tab=\"1\" role=\"region\" aria-labelledby=\"elementor-tab-title-2951\"><p>O estudo visa analisar o desempenho de m\u00e9todos emp\u00edricos utilizados na estimativa da evapotranspira\u00e7\u00e3o de refer\u00eancia para localidades do Vale do Jequitinhonha\/MG, e correlaciona-los com o modelo padr\u00e3o Penman-Monteith (FAO-56) com finalidade de verificar qual o m\u00e9todo que melhor atende essa necessidade da regi\u00e3o.<\/p><p>2021 &#8211; 2022<\/p><p>Coordenador: Lucas da Costa Santos<\/p><p>P\u00f3s Doutoranda: Caroline Salezzi Bonf\u00e1<\/p><p>Graduandos: Alex Xavier Ribeiro de Andrade; Ant\u00f4nio Costa Ferreira Neto; Lucas Santos do Patroc\u00ednio Figueir\u00f3\u00a0<\/p><p>Financiador: FAPEMIG<\/p><\/div>\n\t\t\t\t<\/div>\n\t\t\t\t\t\t\t\t<\/div>\n\t\t\t\t<\/div>\n\t\t\t\t<\/div>\n\t\t\t\t\t<\/div>\n\t\t<\/div>\n\t\t\t\t\t<\/div>\n\t\t<\/section>\n\t\t\t\t<section class=\"elementor-section elementor-top-section elementor-element elementor-element-fb945b7 elementor-section-boxed elementor-section-height-default elementor-section-height-default\" data-id=\"fb945b7\" data-element_type=\"section\">\n\t\t\t\t\t\t<div class=\"elementor-container elementor-column-gap-default\">\n\t\t\t\t\t<div class=\"elementor-column elementor-col-100 elementor-top-column elementor-element elementor-element-b8dd485\" data-id=\"b8dd485\" data-element_type=\"column\">\n\t\t\t<div class=\"elementor-widget-wrap elementor-element-populated\">\n\t\t\t\t\t\t<div class=\"elementor-element elementor-element-89dceb9 elementor-widget elementor-widget-toggle\" data-id=\"89dceb9\" data-element_type=\"widget\" data-widget_type=\"toggle.default\">\n\t\t\t\t<div class=\"elementor-widget-container\">\n\t\t\t\t\t<div class=\"elementor-toggle\">\n\t\t\t\t\t\t\t<div class=\"elementor-toggle-item\">\n\t\t\t\t\t<div id=\"elementor-tab-title-1441\" class=\"elementor-tab-title\" data-tab=\"1\" role=\"button\" aria-controls=\"elementor-tab-content-1441\" aria-expanded=\"false\">\n\t\t\t\t\t\t\t\t\t\t\t\t<span class=\"elementor-toggle-icon elementor-toggle-icon-right\" aria-hidden=\"true\">\n\t\t\t\t\t\t\t\t\t\t\t\t\t\t\t<span class=\"elementor-toggle-icon-closed\"><i class=\"fas fa-chevron-down\"><\/i><\/span>\n\t\t\t\t\t\t\t\t<span class=\"elementor-toggle-icon-opened\"><i class=\"elementor-toggle-icon-opened fas fa-chevron-up\"><\/i><\/span>\n\t\t\t\t\t\t\t\t\t\t\t\t\t<\/span>\n\t\t\t\t\t\t\t\t\t\t\t\t<a class=\"elementor-toggle-title\" tabindex=\"0\">INOVA\u00c7\u00c3O NA PRODUTIVIDADE DA \u00c1GUA APLICADA AO CULTIVO DE MINIMELANCIA: EFEITOS COMBINADOS DO DEPLECIONAMENTO DA \u00c1GUA NO SOLO E POL\u00cdMERO HIDROF\u00cdLICO SOBRE VARI\u00c1VEIS DE RENDIMENTO<\/a>\n\t\t\t\t\t<\/div>\n\n\t\t\t\t\t<div id=\"elementor-tab-content-1441\" class=\"elementor-tab-content elementor-clearfix\" data-tab=\"1\" role=\"region\" aria-labelledby=\"elementor-tab-title-1441\"><p><span style=\"font-family: Poppins, sans-serif; font-size: 14px; font-style: normal; font-variant-ligatures: normal; font-variant-caps: normal; font-weight: 400;\">O estudo procura determinar uma rela\u00e7\u00e3o ideal entre o uso de pol\u00edmero hidrof\u00edlico e uma l\u00e2mina de irriga\u00e7\u00e3o deplecionada a partir da correspondente a capacidade de campo com o rendimento do fruto da minimelancia, visando determinar uma gest\u00e3o do uso de recursos h\u00eddricos aliados a uma alta produtividade da cultura.<\/span><\/p><p>2021 &#8211; 2022<\/p><p>Coordenador: Lucas da Costa Santos<\/p><p>P\u00f3s Doutoranda: Caroline Salezzi Bonf\u00e1<\/p><p>Graduandos: Alex Xavier Ribeiro de Andrade; Ant\u00f4nio Costa Ferreira Neto; Lucas Santos do Patroc\u00ednio Figueir\u00f3\u00a0<\/p><p>Financiador: FAPEMIG<\/p><\/div>\n\t\t\t\t<\/div>\n\t\t\t\t\t\t\t\t<\/div>\n\t\t\t\t<\/div>\n\t\t\t\t<\/div>\n\t\t\t\t\t<\/div>\n\t\t<\/div>\n\t\t\t\t\t<\/div>\n\t\t<\/section>\n\t\t\t\t<section class=\"elementor-section elementor-top-section elementor-element elementor-element-ad2ca5b elementor-section-boxed elementor-section-height-default elementor-section-height-default\" data-id=\"ad2ca5b\" data-element_type=\"section\">\n\t\t\t\t\t\t<div class=\"elementor-container elementor-column-gap-default\">\n\t\t\t\t\t<div class=\"elementor-column elementor-col-100 elementor-top-column elementor-element elementor-element-eaa5bb1\" data-id=\"eaa5bb1\" data-element_type=\"column\">\n\t\t\t<div class=\"elementor-widget-wrap elementor-element-populated\">\n\t\t\t\t\t\t<div class=\"elementor-element elementor-element-3e76154 elementor-widget elementor-widget-toggle\" data-id=\"3e76154\" data-element_type=\"widget\" data-widget_type=\"toggle.default\">\n\t\t\t\t<div class=\"elementor-widget-container\">\n\t\t\t\t\t<div class=\"elementor-toggle\">\n\t\t\t\t\t\t\t<div class=\"elementor-toggle-item\">\n\t\t\t\t\t<div id=\"elementor-tab-title-6541\" class=\"elementor-tab-title\" data-tab=\"1\" role=\"button\" aria-controls=\"elementor-tab-content-6541\" aria-expanded=\"false\">\n\t\t\t\t\t\t\t\t\t\t\t\t<span class=\"elementor-toggle-icon elementor-toggle-icon-right\" aria-hidden=\"true\">\n\t\t\t\t\t\t\t\t\t\t\t\t\t\t\t<span class=\"elementor-toggle-icon-closed\"><i class=\"fas fa-chevron-down\"><\/i><\/span>\n\t\t\t\t\t\t\t\t<span class=\"elementor-toggle-icon-opened\"><i class=\"elementor-toggle-icon-opened fas fa-chevron-up\"><\/i><\/span>\n\t\t\t\t\t\t\t\t\t\t\t\t\t<\/span>\n\t\t\t\t\t\t\t\t\t\t\t\t<a class=\"elementor-toggle-title\" tabindex=\"0\">RENDIMENTO DE FIBRA E \u00d3LEO DE CULTIVARES DE ALGOD\u00c3O HERB\u00c1CEO, CULTIVADO SOB DIFERENTES CONDI\u00c7\u00d5ES DE \u00c1GUA NO SOLO<\/a>\n\t\t\t\t\t<\/div>\n\n\t\t\t\t\t<div id=\"elementor-tab-content-6541\" class=\"elementor-tab-content elementor-clearfix\" data-tab=\"1\" role=\"region\" aria-labelledby=\"elementor-tab-title-6541\"><p><span style=\"font-family: Poppins, sans-serif; font-size: 14px; font-style: normal; font-variant-ligatures: normal; font-variant-caps: normal; font-weight: 400;\">A \u00e1gua \u00e9 um fator limitante para a produ\u00e7\u00e3o agr\u00edcola em diversos cultivos, isso n\u00e3o \u00e9 diferente para a cultura do algodoeiro que, apesar de tolerante a n\u00edveis moderados de d\u00e9ficit h\u00eddrico, tem seu potencial produtivo elevado quando explorado em condi\u00e7\u00f5es satisfat\u00f3rias de \u00e1gua no solo. Diante do exposto, a presente pesquisa busca avaliar o rendimento de fibras e \u00f3leo de seis cultivares de algodoeiro herb\u00e1ceo em condi\u00e7\u00f5es h\u00eddrico-restritivas contrastantes (100%, 75%, 50% da Evapotranspira\u00e7\u00e3o da Cultura \u2013 ETc, al\u00e9m de um tratamento de sequeiro), exploradas na regi\u00e3o do Vale do Jequitinhonha, em Minas Gerais. Vari\u00e1veis de rendimento e qualidade da fibra e do \u00f3leo ser\u00e3o avaliados (porcentagem de fibra, comprimento m\u00e9dio da fibra, \u00edndice de uniformidade do comprimento da fibra, finura da fibra, resist\u00eancia, \u00edndice de fiabilidade, \u00edndice de fibras curtas, teor de \u00e1cidos graxos e poder calor\u00edfico) ao final do ciclo de cultivo e, antes disso, o comportamento fenol\u00f3gico ser\u00e1 acompanhado ao longo das vegetativas e reprodutivas, a partir de determina\u00e7\u00f5es biom\u00e9tricas. Espera-se que os resultados alcan\u00e7ados no estudo possam consolidar a cultura do algod\u00e3o no Norte de Minas Gerais, o que oportunizar\u00e1 a gera\u00e7\u00e3o de empregos e de renda, dinamizando a economia da regi\u00e3o.<\/span><\/p><p>2022 &#8211; 2025<\/p><p>Coordenador: Lucas da Costa Santos<\/p><p>Doutorando: Fausto Henrique Vieira Ara\u00fajo<\/p><p>Mestrando: Lucas Santos do Patroc\u00ednio Figueir\u00f3<\/p><p>Financiadores: CNPq &amp; Souza e Cambos Confec\u00e7\u00f5es Ltda<\/p><\/div>\n\t\t\t\t<\/div>\n\t\t\t\t\t\t\t\t<\/div>\n\t\t\t\t<\/div>\n\t\t\t\t<\/div>\n\t\t\t\t\t<\/div>\n\t\t<\/div>\n\t\t\t\t\t<\/div>\n\t\t<\/section>\n\t\t\t\t<\/div>\n\t\t","protected":false},"excerpt":{"rendered":"<p>Pesquisas Finalizadas ESTUDO COMPARATIVO DA ESTIMATIVA DA EVAPOTRANSPIRA\u00c7\u00c3O DE REFER\u00caNCIA PARA LOCALIDADES DO VALE DO JEQUITINHONHA O estudo visa analisar o desempenho de m\u00e9todos emp\u00edricos utilizados na estimativa da evapotranspira\u00e7\u00e3o de refer\u00eancia para localidades do Vale do Jequitinhonha\/MG, e correlaciona-los com o modelo padr\u00e3o Penman-Monteith (FAO-56) com finalidade de verificar qual o m\u00e9todo que melhor [&hellip;]<\/p>\n","protected":false},"author":1,"featured_media":0,"parent":0,"menu_order":0,"comment_status":"closed","ping_status":"closed","template":"","meta":{"om_disable_all_campaigns":false,"_monsterinsights_skip_tracking":false,"_monsterinsights_sitenote_active":false,"_monsterinsights_sitenote_note":"","_monsterinsights_sitenote_category":0,"ocean_post_layout":"","ocean_both_sidebars_style":"","ocean_both_sidebars_content_width":0,"ocean_both_sidebars_sidebars_width":0,"ocean_sidebar":"","ocean_second_sidebar":"","ocean_disable_margins":"enable","ocean_add_body_class":"","ocean_shortcode_before_top_bar":"","ocean_shortcode_after_top_bar":"","ocean_shortcode_before_header":"","ocean_shortcode_after_header":"","ocean_has_shortcode":"","ocean_shortcode_after_title":"","ocean_shortcode_before_footer_widgets":"","ocean_shortcode_after_footer_widgets":"","ocean_shortcode_before_footer_bottom":"","ocean_shortcode_after_footer_bottom":"","ocean_display_top_bar":"default","ocean_display_header":"default","ocean_header_style":"","ocean_center_header_left_menu":"","ocean_custom_header_template":"","ocean_custom_logo":0,"ocean_custom_retina_logo":0,"ocean_custom_logo_max_width":0,"ocean_custom_logo_tablet_max_width":0,"ocean_custom_logo_mobile_max_width":0,"ocean_custom_logo_max_height":0,"ocean_custom_logo_tablet_max_height":0,"ocean_custom_logo_mobile_max_height":0,"ocean_header_custom_menu":"","ocean_menu_typo_font_family":"","ocean_menu_typo_font_subset":"","ocean_menu_typo_font_size":0,"ocean_menu_typo_font_size_tablet":0,"ocean_menu_typo_font_size_mobile":0,"ocean_menu_typo_font_size_unit":"px","ocean_menu_typo_font_weight":"","ocean_menu_typo_font_weight_tablet":"","ocean_menu_typo_font_weight_mobile":"","ocean_menu_typo_transform":"","ocean_menu_typo_transform_tablet":"","ocean_menu_typo_transform_mobile":"","ocean_menu_typo_line_height":0,"ocean_menu_typo_line_height_tablet":0,"ocean_menu_typo_line_height_mobile":0,"ocean_menu_typo_line_height_unit":"","ocean_menu_typo_spacing":0,"ocean_menu_typo_spacing_tablet":0,"ocean_menu_typo_spacing_mobile":0,"ocean_menu_typo_spacing_unit":"","ocean_menu_link_color":"","ocean_menu_link_color_hover":"","ocean_menu_link_color_active":"","ocean_menu_link_background":"","ocean_menu_link_hover_background":"","ocean_menu_link_active_background":"","ocean_menu_social_links_bg":"","ocean_menu_social_hover_links_bg":"","ocean_menu_social_links_color":"","ocean_menu_social_hover_links_color":"","ocean_disable_title":"default","ocean_disable_heading":"default","ocean_post_title":"","ocean_post_subheading":"","ocean_post_title_style":"","ocean_post_title_background_color":"","ocean_post_title_background":0,"ocean_post_title_bg_image_position":"","ocean_post_title_bg_image_attachment":"","ocean_post_title_bg_image_repeat":"","ocean_post_title_bg_image_size":"","ocean_post_title_height":0,"ocean_post_title_bg_overlay":0.5,"ocean_post_title_bg_overlay_color":"","ocean_disable_breadcrumbs":"default","ocean_breadcrumbs_color":"","ocean_breadcrumbs_separator_color":"","ocean_breadcrumbs_links_color":"","ocean_breadcrumbs_links_hover_color":"","ocean_display_footer_widgets":"default","ocean_display_footer_bottom":"default","ocean_custom_footer_template":"","footnotes":""},"class_list":["post-283","page","type-page","status-publish","hentry","entry"],"yoast_head":"<!-- This site is optimized with the Yoast SEO plugin v22.3 - https:\/\/yoast.com\/wordpress\/plugins\/seo\/ -->\n<title>Pesquisas Finalizadas -<\/title>\n<meta name=\"robots\" content=\"index, follow, max-snippet:-1, max-image-preview:large, max-video-preview:-1\" \/>\n<link rel=\"canonical\" href=\"https:\/\/nipagri.com.br\/index.php\/pesquisas-finalizadas\/\" \/>\n<meta property=\"og:locale\" content=\"pt_BR\" \/>\n<meta property=\"og:type\" content=\"article\" \/>\n<meta property=\"og:title\" content=\"Pesquisas Finalizadas -\" \/>\n<meta property=\"og:description\" content=\"Pesquisas Finalizadas ESTUDO COMPARATIVO DA ESTIMATIVA DA EVAPOTRANSPIRA\u00c7\u00c3O DE REFER\u00caNCIA PARA LOCALIDADES DO VALE DO JEQUITINHONHA O estudo visa analisar o desempenho de m\u00e9todos emp\u00edricos utilizados na estimativa da evapotranspira\u00e7\u00e3o de refer\u00eancia para localidades do Vale do Jequitinhonha\/MG, e correlaciona-los com o modelo padr\u00e3o Penman-Monteith (FAO-56) com finalidade de verificar qual o m\u00e9todo que melhor [&hellip;]\" \/>\n<meta property=\"og:url\" content=\"https:\/\/nipagri.com.br\/index.php\/pesquisas-finalizadas\/\" \/>\n<meta property=\"article:modified_time\" content=\"2025-08-19T16:08:45+00:00\" \/>\n<meta name=\"twitter:card\" content=\"summary_large_image\" \/>\n<meta name=\"twitter:label1\" content=\"Est. tempo de leitura\" \/>\n\t<meta name=\"twitter:data1\" content=\"3 minutos\" \/>\n<script type=\"application\/ld+json\" class=\"yoast-schema-graph\">{\"@context\":\"https:\/\/schema.org\",\"@graph\":[{\"@type\":\"WebPage\",\"@id\":\"https:\/\/nipagri.com.br\/index.php\/pesquisas-finalizadas\/\",\"url\":\"https:\/\/nipagri.com.br\/index.php\/pesquisas-finalizadas\/\",\"name\":\"Pesquisas Finalizadas -\",\"isPartOf\":{\"@id\":\"https:\/\/nipagri.com.br\/#website\"},\"datePublished\":\"2021-11-10T12:41:37+00:00\",\"dateModified\":\"2025-08-19T16:08:45+00:00\",\"breadcrumb\":{\"@id\":\"https:\/\/nipagri.com.br\/index.php\/pesquisas-finalizadas\/#breadcrumb\"},\"inLanguage\":\"pt-BR\",\"potentialAction\":[{\"@type\":\"ReadAction\",\"target\":[\"https:\/\/nipagri.com.br\/index.php\/pesquisas-finalizadas\/\"]}]},{\"@type\":\"BreadcrumbList\",\"@id\":\"https:\/\/nipagri.com.br\/index.php\/pesquisas-finalizadas\/#breadcrumb\",\"itemListElement\":[{\"@type\":\"ListItem\",\"position\":1,\"name\":\"In\u00edcio\",\"item\":\"https:\/\/nipagri.com.br\/\"},{\"@type\":\"ListItem\",\"position\":2,\"name\":\"Pesquisas Finalizadas\"}]},{\"@type\":\"WebSite\",\"@id\":\"https:\/\/nipagri.com.br\/#website\",\"url\":\"https:\/\/nipagri.com.br\/\",\"name\":\"\",\"description\":\"N\u00facleo Integrado de Pesquisas em Agrometeorologia e Produtividade da \u00c1gua na Agricultura (Site em constru\u00e7\u00e3o)\",\"potentialAction\":[{\"@type\":\"SearchAction\",\"target\":{\"@type\":\"EntryPoint\",\"urlTemplate\":\"https:\/\/nipagri.com.br\/?s={search_term_string}\"},\"query-input\":\"required name=search_term_string\"}],\"inLanguage\":\"pt-BR\"}]}<\/script>\n<!-- \/ Yoast SEO plugin. -->","yoast_head_json":{"title":"Pesquisas Finalizadas -","robots":{"index":"index","follow":"follow","max-snippet":"max-snippet:-1","max-image-preview":"max-image-preview:large","max-video-preview":"max-video-preview:-1"},"canonical":"https:\/\/nipagri.com.br\/index.php\/pesquisas-finalizadas\/","og_locale":"pt_BR","og_type":"article","og_title":"Pesquisas Finalizadas -","og_description":"Pesquisas Finalizadas ESTUDO COMPARATIVO DA ESTIMATIVA DA EVAPOTRANSPIRA\u00c7\u00c3O DE REFER\u00caNCIA PARA LOCALIDADES DO VALE DO JEQUITINHONHA O estudo visa analisar o desempenho de m\u00e9todos emp\u00edricos utilizados na estimativa da evapotranspira\u00e7\u00e3o de refer\u00eancia para localidades do Vale do Jequitinhonha\/MG, e correlaciona-los com o modelo padr\u00e3o Penman-Monteith (FAO-56) com finalidade de verificar qual o m\u00e9todo que melhor [&hellip;]","og_url":"https:\/\/nipagri.com.br\/index.php\/pesquisas-finalizadas\/","article_modified_time":"2025-08-19T16:08:45+00:00","twitter_card":"summary_large_image","twitter_misc":{"Est. tempo de leitura":"3 minutos"},"schema":{"@context":"https:\/\/schema.org","@graph":[{"@type":"WebPage","@id":"https:\/\/nipagri.com.br\/index.php\/pesquisas-finalizadas\/","url":"https:\/\/nipagri.com.br\/index.php\/pesquisas-finalizadas\/","name":"Pesquisas Finalizadas -","isPartOf":{"@id":"https:\/\/nipagri.com.br\/#website"},"datePublished":"2021-11-10T12:41:37+00:00","dateModified":"2025-08-19T16:08:45+00:00","breadcrumb":{"@id":"https:\/\/nipagri.com.br\/index.php\/pesquisas-finalizadas\/#breadcrumb"},"inLanguage":"pt-BR","potentialAction":[{"@type":"ReadAction","target":["https:\/\/nipagri.com.br\/index.php\/pesquisas-finalizadas\/"]}]},{"@type":"BreadcrumbList","@id":"https:\/\/nipagri.com.br\/index.php\/pesquisas-finalizadas\/#breadcrumb","itemListElement":[{"@type":"ListItem","position":1,"name":"In\u00edcio","item":"https:\/\/nipagri.com.br\/"},{"@type":"ListItem","position":2,"name":"Pesquisas Finalizadas"}]},{"@type":"WebSite","@id":"https:\/\/nipagri.com.br\/#website","url":"https:\/\/nipagri.com.br\/","name":"","description":"N\u00facleo Integrado de Pesquisas em Agrometeorologia e Produtividade da \u00c1gua na Agricultura (Site em constru\u00e7\u00e3o)","potentialAction":[{"@type":"SearchAction","target":{"@type":"EntryPoint","urlTemplate":"https:\/\/nipagri.com.br\/?s={search_term_string}"},"query-input":"required name=search_term_string"}],"inLanguage":"pt-BR"}]}},"_links":{"self":[{"href":"https:\/\/nipagri.com.br\/index.php\/wp-json\/wp\/v2\/pages\/283","targetHints":{"allow":["GET"]}}],"collection":[{"href":"https:\/\/nipagri.com.br\/index.php\/wp-json\/wp\/v2\/pages"}],"about":[{"href":"https:\/\/nipagri.com.br\/index.php\/wp-json\/wp\/v2\/types\/page"}],"author":[{"embeddable":true,"href":"https:\/\/nipagri.com.br\/index.php\/wp-json\/wp\/v2\/users\/1"}],"replies":[{"embeddable":true,"href":"https:\/\/nipagri.com.br\/index.php\/wp-json\/wp\/v2\/comments?post=283"}],"version-history":[{"count":22,"href":"https:\/\/nipagri.com.br\/index.php\/wp-json\/wp\/v2\/pages\/283\/revisions"}],"predecessor-version":[{"id":2028,"href":"https:\/\/nipagri.com.br\/index.php\/wp-json\/wp\/v2\/pages\/283\/revisions\/2028"}],"wp:attachment":[{"href":"https:\/\/nipagri.com.br\/index.php\/wp-json\/wp\/v2\/media?parent=283"}],"curies":[{"name":"wp","href":"https:\/\/api.w.org\/{rel}","templated":true}]}}