{"id":286,"date":"2021-11-10T09:41:37","date_gmt":"2021-11-10T12:41:37","guid":{"rendered":"https:\/\/nipagri.com.br\/?page_id=286"},"modified":"2022-04-27T19:19:15","modified_gmt":"2022-04-27T22:19:15","slug":"graduacao","status":"publish","type":"page","link":"https:\/\/nipagri.com.br\/index.php\/graduacao\/","title":{"rendered":"Gradua\u00e7\u00e3o"},"content":{"rendered":"\t\t<div data-elementor-type=\"wp-page\" data-elementor-id=\"286\" class=\"elementor elementor-286\">\n\t\t\t\t\t\t<section class=\"elementor-section elementor-top-section elementor-element elementor-element-681a1cd elementor-section-stretched elementor-section-boxed elementor-section-height-default elementor-section-height-default\" data-id=\"681a1cd\" data-element_type=\"section\" data-settings=\"{&quot;stretch_section&quot;:&quot;section-stretched&quot;,&quot;shape_divider_top&quot;:&quot;opacity-tilt&quot;}\">\n\t\t\t\t\t<div class=\"elementor-shape elementor-shape-top\" data-negative=\"false\">\n\t\t\t<svg xmlns=\"http:\/\/www.w3.org\/2000\/svg\" viewBox=\"0 0 2600 131.1\" preserveAspectRatio=\"none\">\n\t<path class=\"elementor-shape-fill\" d=\"M0 0L2600 0 2600 69.1 0 0z\"\/>\n\t<path class=\"elementor-shape-fill\" style=\"opacity:0.5\" d=\"M0 0L2600 0 2600 69.1 0 69.1z\"\/>\n\t<path class=\"elementor-shape-fill\" style=\"opacity:0.25\" d=\"M2600 0L0 0 0 130.1 2600 69.1z\"\/>\n<\/svg>\t\t<\/div>\n\t\t\t\t\t<div class=\"elementor-container elementor-column-gap-default\">\n\t\t\t\t\t<div class=\"elementor-column elementor-col-100 elementor-top-column elementor-element elementor-element-be50a2e\" data-id=\"be50a2e\" data-element_type=\"column\">\n\t\t\t<div class=\"elementor-widget-wrap\">\n\t\t\t\t\t\t\t<\/div>\n\t\t<\/div>\n\t\t\t\t\t<\/div>\n\t\t<\/section>\n\t\t\t\t<section class=\"elementor-section elementor-top-section elementor-element elementor-element-2192940 elementor-section-boxed elementor-section-height-default elementor-section-height-default\" data-id=\"2192940\" data-element_type=\"section\">\n\t\t\t\t\t\t<div class=\"elementor-container elementor-column-gap-default\">\n\t\t\t\t\t<div class=\"elementor-column elementor-col-100 elementor-top-column elementor-element elementor-element-f5793a1\" data-id=\"f5793a1\" data-element_type=\"column\">\n\t\t\t<div class=\"elementor-widget-wrap elementor-element-populated\">\n\t\t\t\t\t\t<div class=\"elementor-element elementor-element-25cd09e elementor-widget elementor-widget-heading\" data-id=\"25cd09e\" data-element_type=\"widget\" data-widget_type=\"heading.default\">\n\t\t\t\t<div class=\"elementor-widget-container\">\n\t\t\t<style>\/*! elementor - v3.20.0 - 26-03-2024 *\/\n.elementor-heading-title{padding:0;margin:0;line-height:1}.elementor-widget-heading .elementor-heading-title[class*=elementor-size-]>a{color:inherit;font-size:inherit;line-height:inherit}.elementor-widget-heading .elementor-heading-title.elementor-size-small{font-size:15px}.elementor-widget-heading .elementor-heading-title.elementor-size-medium{font-size:19px}.elementor-widget-heading .elementor-heading-title.elementor-size-large{font-size:29px}.elementor-widget-heading .elementor-heading-title.elementor-size-xl{font-size:39px}.elementor-widget-heading .elementor-heading-title.elementor-size-xxl{font-size:59px}<\/style><h1 class=\"elementor-heading-title elementor-size-large\">Gradua\u00e7\u00e3o<\/h1>\t\t<\/div>\n\t\t\t\t<\/div>\n\t\t\t\t\t<\/div>\n\t\t<\/div>\n\t\t\t\t\t<\/div>\n\t\t<\/section>\n\t\t\t\t<section class=\"elementor-section elementor-top-section elementor-element elementor-element-186aea8 elementor-section-boxed elementor-section-height-default elementor-section-height-default\" data-id=\"186aea8\" data-element_type=\"section\">\n\t\t\t\t\t\t<div class=\"elementor-container elementor-column-gap-default\">\n\t\t\t\t\t<div class=\"elementor-column elementor-col-100 elementor-top-column elementor-element elementor-element-19ab551\" data-id=\"19ab551\" data-element_type=\"column\">\n\t\t\t<div class=\"elementor-widget-wrap elementor-element-populated\">\n\t\t\t\t\t\t<div class=\"elementor-element elementor-element-eb2885d elementor-widget elementor-widget-text-editor\" data-id=\"eb2885d\" data-element_type=\"widget\" data-widget_type=\"text-editor.default\">\n\t\t\t\t<div class=\"elementor-widget-container\">\n\t\t\t<style>\/*! elementor - v3.20.0 - 26-03-2024 *\/\n.elementor-widget-text-editor.elementor-drop-cap-view-stacked .elementor-drop-cap{background-color:#69727d;color:#fff}.elementor-widget-text-editor.elementor-drop-cap-view-framed .elementor-drop-cap{color:#69727d;border:3px solid;background-color:transparent}.elementor-widget-text-editor:not(.elementor-drop-cap-view-default) .elementor-drop-cap{margin-top:8px}.elementor-widget-text-editor:not(.elementor-drop-cap-view-default) .elementor-drop-cap-letter{width:1em;height:1em}.elementor-widget-text-editor .elementor-drop-cap{float:left;text-align:center;line-height:1;font-size:50px}.elementor-widget-text-editor .elementor-drop-cap-letter{display:inline-block}<\/style>\t\t\t\t<p><b>Meteorologia e Climatologia (AGR049)<\/b><br>Disciplina: Obrigat\u00f3ria<br>Cursos: Agronomia \/ Engenharia Florestal \/ Zootecnia<br>Carga hor\u00e1ria: 60 horas<br>Cr\u00e9ditos: 4<\/p>\n<p>Ementa: <br>A atmosfera terrestre. Termodin\u00e2mica e est\u00e1tica do ar atmosf\u00e9rico. Din\u00e2mica do ar atmosf\u00e9rico. Radia\u00e7\u00e3o solar no sistema Terra-Atmosfera. Principais t\u00e9cnicas usadas nos estudos diagn\u00f3sticos e progn\u00f3sticos do tempo. Principais fen\u00f4menos atmosf\u00e9ricos. Climatologia aplicada. Agrometeorologia<\/p>\n<p>Objetivos:<br>Capacitar o estudante a: i) analisar e entender os elementos e fatores formadores do clima, com destaque \u00e0 disponibilidade de energia na superf\u00edcie terrestre e sua participa\u00e7\u00e3o nos diferentes processos naturais e termodin\u00e2micos da atmosfera e; ii) entender as intera\u00e7\u00f5es do clima com a agricultura, pecu\u00e1ria e silvicultura, com \u00eanfase nos aspectos de tomadas de decis\u00e3o e planejamento das atividades agr\u00edcolas, principalmente quanto aos efeitos das adversidades clim\u00e1ticas.<\/p>\n<p>Bibliografia:<br>ALVARENGA, A.A. Agrometeorologia: princ\u00edpios, funcionalidades e instrumentos de medi\u00e7\u00e3o. S\u00e3o Paulo, SP: Erica. Recurso online. <br>ARAG\u00c3O, M.J. Hist\u00f3ria do Clima. Rio de Janeiro, RJ: Interci\u00eancia, 2009. 161 p.<br>AYOADE, J.O. Introdu\u00e7\u00e3o \u00e0 climatologia para os tr\u00f3picos. Rio de Janeiro, RJ: Bertrand Brasil, 2011. 332 p.<br>CAVALCANTI, I.F.A. Tempo e clima no Brasil. S\u00e3o Paulo, SP: Oficina de textos, 2009. 463 p.<br>MENDON\u00c7A, F.; DANNI-OLIVEIRA, I. M. Climatologia &#8211; No\u00e7\u00f5es B\u00e1sicas e Climas do Brasil. Editora Oficina de textos. 206p. 2007.<br>MONTEIRO, J. E. B. A. Agrometeorologia dos cultivos: o fator meteorol\u00f3gico na produ\u00e7\u00e3o agr\u00edcola. INMET. Bras\u00edlia-DF. 2009. 530 p.<br>OMETTO, J.C. Bioclimatologia vegetal, S\u00e3o Paulo: Ceres, 1981 440p.<br>PEREIRA, A.R.; ANGELOCCI, L.R.; SENTELHAS, P.C. Agrometeorologia: fundamentos e aplica\u00e7\u00f5es pr\u00e1ticas. Gua\u00edba, RS: Agropecu\u00e1ria, 2002. 478 p.<br>PEREIRA, A.R.; VILLA NOVA, N.A.; SEDIYAMA, G.C. Evapo(transpi)ra\u00e7\u00e3o. Piracicaba: Fealq, 1997. 183p.<br>SOARES, R.V. BATISTA, A.C. Meteorologia e Climatologia Florestal. Editado pelo Departamento de Engenharia Florestal da UFPR. Curitiba PR. 2004. 195p.<br>VAREJ\u00c3O-SILVA, M.A. Meteorologia e Climatologia. Vers\u00e3o Digital. Bras\u00edlia: INMET, 2006. 463p. Livro Digital.<br>VIANELLO, R.L.; ALVES, A.R. Meteorologia b\u00e1sica e aplica\u00e7\u00f5es. 2\u00aa Edi\u00e7\u00e3o. Vi\u00e7osa, MG: UFV, 2012. 460p.<\/p>\n<p><b>Energia e Recursos Renov\u00e1veis (AGR018)<\/b><br>Disciplina: Obrigat\u00f3ria<br>Cursos: Agronomia \/ Engenharia Florestal \/ Zootecnia<br>Carga hor\u00e1ria: 60 horas<br>Cr\u00e9ditos: 4<\/p>\n<p>Ementa: <br>Conceitua\u00e7\u00e3o, classifica\u00e7\u00e3o e viabilidade de fontes energ\u00e9ticas. Mec\u00e2nica da energia. Conserva\u00e7\u00e3o da energia. Calor e trabalho. Energia solar caracter\u00edsticas e aquecimento. Energia e\u00f3lica. Energia de geradores utilizando queda d&#8217;\u00e1gua. Biodigestores. Energia de outras fontes alternativas. Conserva\u00e7\u00e3o e manejo de recursos naturais renov\u00e1veis, identifica\u00e7\u00e3o e preserva\u00e7\u00e3o de recursos n\u00e3o-renov\u00e1veis.<br>Objetivos:<br>Apresentar aos alunos os conceitos fundamentais sobre fontes de energia, em especial sobre as provenientes de recursos renov\u00e1veis, suas aplica\u00e7\u00f5es e suas rela\u00e7\u00f5es com o meio ambiente e o desenvolvimento econ\u00f4mico, abrangendo os aspectos t\u00e9cnicos, socioecon\u00f4micos, ambientais e de sustentabilidade.<\/p>\n<p>Bibliografia:<br>ALDAB\u00d3, R. Energia Solar. S\u00e3o Paulo, Ed. Artliber. 2002, 155p.<br>HINRICHS, R. A.; KLEINBACH, M.; REIS, L.B. Energia e Meio Ambiente. S\u00e3o Paulo, Ed. Cengage Learning. 2011, 708 p.<br>MELLO, M. G. Biomassa, Energia dos Tr\u00f3picos em Minas Gerais. Belo Horizonte, Ed. Labm\u00eddia. 2001, 260 p.<br>MOREIRA, J. R. S. Energias Renov\u00e1veis, Gera\u00e7\u00e3o Distribu\u00edda e Efici\u00eancia Energ\u00e9tica. Rio de Janeiro, Ed. LTC. 2021, 520 p.<br>SILVA, C. G. Energia para o Brasil, Um Modelo de Sobreviv\u00eancia. Rio de Janeiro, Ed. Express\u00e3o e Cultura. 2002, 133 p.<br>SION, A. O. Energia e Meio Ambiente. Belo Horizonte. Ed. Del Rey. 2020, 374 p.<br>VECCHIA, R. O Meio Ambiente e as Energia Renov\u00e1veis: instrumentos de lideran\u00e7a vision\u00e1ria para a sociedade sustent\u00e1vel. Barueri\/SP, Ed. Manole. 2010, 334 p.<\/p>\n<p><\/p>\n<p><b>Agrometeorologia Aplicada (AGR0113)<\/b><br>Disciplina: Eletiva<br>Cursos: Agronomia \/ Engenharia Florestal \/ Zootecnia<br>Carga hor\u00e1ria: 60 horas<br>Cr\u00e9ditos: 4<\/p>\n<p>Ementa: <br>Import\u00e2ncia das informa\u00e7\u00f5es agrometeorol\u00f3gicas para as atividades agr\u00edcolas. Sistemas de informa\u00e7\u00f5es agrometeorol\u00f3gicas. Zoneamento agr\u00edcola. Mudan\u00e7as clim\u00e1ticas e seus efeitos nas atividades agropecu\u00e1rias. Temperatura e desenvolvimento vegetal. O uso da \u00e1gua na agricultura. Efeito do clima na produtividade agr\u00edcola. Clima e doen\u00e7as de plantas. Esta\u00e7\u00f5es de alerta fitossanit\u00e1rio. Eventos meteorol\u00f3gicos adversos.<\/p>\n<p>Objetivos:<br>Capacitar o aluno a entender e aplicar os conceitos de agrometeorologia na solu\u00e7\u00e3o de problemas pr\u00e1ticos da agricultura, visando a gest\u00e3o dos sistemas agr\u00edcolas por meio de an\u00e1lises de dados meteorol\u00f3gicos e da aplica\u00e7\u00e3o desses em modelos de balan\u00e7o h\u00eddrico, de crescimento e desenvolvimento vegetal, previs\u00e3o de safras e em sistemas de alerta fitossanit\u00e1rio.<\/p>\n<p>Bibliografia:<br>ANGELOCCI, L.R. \u00c1gua na planta e trocas gasosas\/energ\u00e9ticas com a atmosfera: introdu\u00e7\u00e3o ao tratamento biof\u00edsico. Piracicaba: Edi\u00e7\u00e3o do autor, 2002. 272p.<br>BERGAMASCHI, H.; BERGONCI, J.I. As plantas e o clima \u2013 princ\u00edpios e aplica\u00e7\u00f5es. Editora Agrolivros, 2017. 351p.<br>MENDON\u00c7A, F; DANNI-OLIVEIRA, I.M. Climatologia: no\u00e7\u00f5es b\u00e1sicas e climas do Brasil. S\u00e3o Paulo: Oficina de Textos, 2007. 206p.<br>MONTEIRO, J.E.B.A. (Org). Agrometeorologia dos cultivos: o fator meteorol\u00f3gico na produ\u00e7\u00e3o agr\u00edcola. Bras\u00edlia, DF: INMET, 2009. 525p.<br>PASCALE, A. J.; DAMARIO, E. A. Bioclimatologia agr\u00edcola e agroclimatologia. Buenos Aires, Editorial Facultad Agronomia, Univ. de Buenos Aires, 2004. 550p.<br>PEREIRA, A.R.; ANGELOCCI, L.R.; SENTELHAS, P.C. Agrometeorologia: fundamentos e aplica\u00e7\u00f5es pr\u00e1ticas. Piracicaba, SP. Gua\u00edba: Agropecu\u00e1ria, 2002. 478p.<br>PEREIRA, A. R.; VILLA NOVA, N. A.; SEDIYAMA, G. S. Evapo(transpi)ra\u00e7\u00e3o. Piracicaba, SP. FEALQ, 1997. 183p.<br>VAREJ\u00c3O-SILVA, M.A. Meteorologia e climatologia. Bras\u00edlia, DF. Instituto Nacional de Meteorologia, 2000. 515p.<br>VIANELLO, R.L.; ALVES, A.R. Meteorologia b\u00e1sica e aplica\u00e7\u00f5es. 2\u00aa Ed. Vi\u00e7osa, MG. Editora UFV, 2013. 450p.<\/p>\t\t\t\t\t\t<\/div>\n\t\t\t\t<\/div>\n\t\t\t\t\t<\/div>\n\t\t<\/div>\n\t\t\t\t\t<\/div>\n\t\t<\/section>\n\t\t\t\t<\/div>\n\t\t","protected":false},"excerpt":{"rendered":"<p>Gradua\u00e7\u00e3o Meteorologia e Climatologia (AGR049)Disciplina: Obrigat\u00f3riaCursos: Agronomia \/ Engenharia Florestal \/ ZootecniaCarga hor\u00e1ria: 60 horasCr\u00e9ditos: 4 Ementa: A atmosfera terrestre. Termodin\u00e2mica e est\u00e1tica do ar atmosf\u00e9rico. Din\u00e2mica do ar atmosf\u00e9rico. Radia\u00e7\u00e3o solar no sistema Terra-Atmosfera. Principais t\u00e9cnicas usadas nos estudos diagn\u00f3sticos e progn\u00f3sticos do tempo. Principais fen\u00f4menos atmosf\u00e9ricos. Climatologia aplicada. Agrometeorologia Objetivos:Capacitar o estudante a: [&hellip;]<\/p>\n","protected":false},"author":1,"featured_media":0,"parent":0,"menu_order":0,"comment_status":"closed","ping_status":"closed","template":"","meta":{"om_disable_all_campaigns":false,"_monsterinsights_skip_tracking":false,"_monsterinsights_sitenote_active":false,"_monsterinsights_sitenote_note":"","_monsterinsights_sitenote_category":0,"ocean_post_layout":"","ocean_both_sidebars_style":"","ocean_both_sidebars_content_width":0,"ocean_both_sidebars_sidebars_width":0,"ocean_sidebar":"","ocean_second_sidebar":"","ocean_disable_margins":"enable","ocean_add_body_class":"","ocean_shortcode_before_top_bar":"","ocean_shortcode_after_top_bar":"","ocean_shortcode_before_header":"","ocean_shortcode_after_header":"","ocean_has_shortcode":"","ocean_shortcode_after_title":"","ocean_shortcode_before_footer_widgets":"","ocean_shortcode_after_footer_widgets":"","ocean_shortcode_before_footer_bottom":"","ocean_shortcode_after_footer_bottom":"","ocean_display_top_bar":"default","ocean_display_header":"default","ocean_header_style":"","ocean_center_header_left_menu":"","ocean_custom_header_template":"","ocean_custom_logo":0,"ocean_custom_retina_logo":0,"ocean_custom_logo_max_width":0,"ocean_custom_logo_tablet_max_width":0,"ocean_custom_logo_mobile_max_width":0,"ocean_custom_logo_max_height":0,"ocean_custom_logo_tablet_max_height":0,"ocean_custom_logo_mobile_max_height":0,"ocean_header_custom_menu":"","ocean_menu_typo_font_family":"","ocean_menu_typo_font_subset":"","ocean_menu_typo_font_size":0,"ocean_menu_typo_font_size_tablet":0,"ocean_menu_typo_font_size_mobile":0,"ocean_menu_typo_font_size_unit":"px","ocean_menu_typo_font_weight":"","ocean_menu_typo_font_weight_tablet":"","ocean_menu_typo_font_weight_mobile":"","ocean_menu_typo_transform":"","ocean_menu_typo_transform_tablet":"","ocean_menu_typo_transform_mobile":"","ocean_menu_typo_line_height":0,"ocean_menu_typo_line_height_tablet":0,"ocean_menu_typo_line_height_mobile":0,"ocean_menu_typo_line_height_unit":"","ocean_menu_typo_spacing":0,"ocean_menu_typo_spacing_tablet":0,"ocean_menu_typo_spacing_mobile":0,"ocean_menu_typo_spacing_unit":"","ocean_menu_link_color":"","ocean_menu_link_color_hover":"","ocean_menu_link_color_active":"","ocean_menu_link_background":"","ocean_menu_link_hover_background":"","ocean_menu_link_active_background":"","ocean_menu_social_links_bg":"","ocean_menu_social_hover_links_bg":"","ocean_menu_social_links_color":"","ocean_menu_social_hover_links_color":"","ocean_disable_title":"default","ocean_disable_heading":"default","ocean_post_title":"","ocean_post_subheading":"","ocean_post_title_style":"","ocean_post_title_background_color":"","ocean_post_title_background":0,"ocean_post_title_bg_image_position":"","ocean_post_title_bg_image_attachment":"","ocean_post_title_bg_image_repeat":"","ocean_post_title_bg_image_size":"","ocean_post_title_height":0,"ocean_post_title_bg_overlay":0.5,"ocean_post_title_bg_overlay_color":"","ocean_disable_breadcrumbs":"default","ocean_breadcrumbs_color":"","ocean_breadcrumbs_separator_color":"","ocean_breadcrumbs_links_color":"","ocean_breadcrumbs_links_hover_color":"","ocean_display_footer_widgets":"default","ocean_display_footer_bottom":"default","ocean_custom_footer_template":"","footnotes":""},"class_list":["post-286","page","type-page","status-publish","hentry","entry"],"yoast_head":"<!-- This site is optimized with the Yoast SEO plugin v22.3 - https:\/\/yoast.com\/wordpress\/plugins\/seo\/ -->\n<title>Gradua\u00e7\u00e3o -<\/title>\n<meta name=\"robots\" content=\"index, follow, max-snippet:-1, max-image-preview:large, max-video-preview:-1\" \/>\n<link rel=\"canonical\" href=\"https:\/\/nipagri.com.br\/index.php\/graduacao\/\" \/>\n<meta property=\"og:locale\" content=\"pt_BR\" \/>\n<meta property=\"og:type\" content=\"article\" \/>\n<meta property=\"og:title\" content=\"Gradua\u00e7\u00e3o -\" \/>\n<meta property=\"og:description\" content=\"Gradua\u00e7\u00e3o Meteorologia e Climatologia (AGR049)Disciplina: Obrigat\u00f3riaCursos: Agronomia \/ Engenharia Florestal \/ ZootecniaCarga hor\u00e1ria: 60 horasCr\u00e9ditos: 4 Ementa: A atmosfera terrestre. Termodin\u00e2mica e est\u00e1tica do ar atmosf\u00e9rico. Din\u00e2mica do ar atmosf\u00e9rico. Radia\u00e7\u00e3o solar no sistema Terra-Atmosfera. Principais t\u00e9cnicas usadas nos estudos diagn\u00f3sticos e progn\u00f3sticos do tempo. Principais fen\u00f4menos atmosf\u00e9ricos. Climatologia aplicada. Agrometeorologia Objetivos:Capacitar o estudante a: [&hellip;]\" \/>\n<meta property=\"og:url\" content=\"https:\/\/nipagri.com.br\/index.php\/graduacao\/\" \/>\n<meta property=\"article:modified_time\" content=\"2022-04-27T22:19:15+00:00\" \/>\n<meta name=\"twitter:card\" content=\"summary_large_image\" \/>\n<meta name=\"twitter:label1\" content=\"Est. tempo de leitura\" \/>\n\t<meta name=\"twitter:data1\" content=\"5 minutos\" \/>\n<script type=\"application\/ld+json\" class=\"yoast-schema-graph\">{\"@context\":\"https:\/\/schema.org\",\"@graph\":[{\"@type\":\"WebPage\",\"@id\":\"https:\/\/nipagri.com.br\/index.php\/graduacao\/\",\"url\":\"https:\/\/nipagri.com.br\/index.php\/graduacao\/\",\"name\":\"Gradua\u00e7\u00e3o -\",\"isPartOf\":{\"@id\":\"https:\/\/nipagri.com.br\/#website\"},\"datePublished\":\"2021-11-10T12:41:37+00:00\",\"dateModified\":\"2022-04-27T22:19:15+00:00\",\"breadcrumb\":{\"@id\":\"https:\/\/nipagri.com.br\/index.php\/graduacao\/#breadcrumb\"},\"inLanguage\":\"pt-BR\",\"potentialAction\":[{\"@type\":\"ReadAction\",\"target\":[\"https:\/\/nipagri.com.br\/index.php\/graduacao\/\"]}]},{\"@type\":\"BreadcrumbList\",\"@id\":\"https:\/\/nipagri.com.br\/index.php\/graduacao\/#breadcrumb\",\"itemListElement\":[{\"@type\":\"ListItem\",\"position\":1,\"name\":\"In\u00edcio\",\"item\":\"https:\/\/nipagri.com.br\/\"},{\"@type\":\"ListItem\",\"position\":2,\"name\":\"Gradua\u00e7\u00e3o\"}]},{\"@type\":\"WebSite\",\"@id\":\"https:\/\/nipagri.com.br\/#website\",\"url\":\"https:\/\/nipagri.com.br\/\",\"name\":\"\",\"description\":\"N\u00facleo Integrado de Pesquisas em Agrometeorologia e Produtividade da \u00c1gua na Agricultura (Site em constru\u00e7\u00e3o)\",\"potentialAction\":[{\"@type\":\"SearchAction\",\"target\":{\"@type\":\"EntryPoint\",\"urlTemplate\":\"https:\/\/nipagri.com.br\/?s={search_term_string}\"},\"query-input\":\"required name=search_term_string\"}],\"inLanguage\":\"pt-BR\"}]}<\/script>\n<!-- \/ Yoast SEO plugin. -->","yoast_head_json":{"title":"Gradua\u00e7\u00e3o -","robots":{"index":"index","follow":"follow","max-snippet":"max-snippet:-1","max-image-preview":"max-image-preview:large","max-video-preview":"max-video-preview:-1"},"canonical":"https:\/\/nipagri.com.br\/index.php\/graduacao\/","og_locale":"pt_BR","og_type":"article","og_title":"Gradua\u00e7\u00e3o -","og_description":"Gradua\u00e7\u00e3o Meteorologia e Climatologia (AGR049)Disciplina: Obrigat\u00f3riaCursos: Agronomia \/ Engenharia Florestal \/ ZootecniaCarga hor\u00e1ria: 60 horasCr\u00e9ditos: 4 Ementa: A atmosfera terrestre. Termodin\u00e2mica e est\u00e1tica do ar atmosf\u00e9rico. Din\u00e2mica do ar atmosf\u00e9rico. Radia\u00e7\u00e3o solar no sistema Terra-Atmosfera. Principais t\u00e9cnicas usadas nos estudos diagn\u00f3sticos e progn\u00f3sticos do tempo. Principais fen\u00f4menos atmosf\u00e9ricos. Climatologia aplicada. Agrometeorologia Objetivos:Capacitar o estudante a: [&hellip;]","og_url":"https:\/\/nipagri.com.br\/index.php\/graduacao\/","article_modified_time":"2022-04-27T22:19:15+00:00","twitter_card":"summary_large_image","twitter_misc":{"Est. tempo de leitura":"5 minutos"},"schema":{"@context":"https:\/\/schema.org","@graph":[{"@type":"WebPage","@id":"https:\/\/nipagri.com.br\/index.php\/graduacao\/","url":"https:\/\/nipagri.com.br\/index.php\/graduacao\/","name":"Gradua\u00e7\u00e3o -","isPartOf":{"@id":"https:\/\/nipagri.com.br\/#website"},"datePublished":"2021-11-10T12:41:37+00:00","dateModified":"2022-04-27T22:19:15+00:00","breadcrumb":{"@id":"https:\/\/nipagri.com.br\/index.php\/graduacao\/#breadcrumb"},"inLanguage":"pt-BR","potentialAction":[{"@type":"ReadAction","target":["https:\/\/nipagri.com.br\/index.php\/graduacao\/"]}]},{"@type":"BreadcrumbList","@id":"https:\/\/nipagri.com.br\/index.php\/graduacao\/#breadcrumb","itemListElement":[{"@type":"ListItem","position":1,"name":"In\u00edcio","item":"https:\/\/nipagri.com.br\/"},{"@type":"ListItem","position":2,"name":"Gradua\u00e7\u00e3o"}]},{"@type":"WebSite","@id":"https:\/\/nipagri.com.br\/#website","url":"https:\/\/nipagri.com.br\/","name":"","description":"N\u00facleo Integrado de Pesquisas em Agrometeorologia e Produtividade da \u00c1gua na Agricultura (Site em constru\u00e7\u00e3o)","potentialAction":[{"@type":"SearchAction","target":{"@type":"EntryPoint","urlTemplate":"https:\/\/nipagri.com.br\/?s={search_term_string}"},"query-input":"required name=search_term_string"}],"inLanguage":"pt-BR"}]}},"_links":{"self":[{"href":"https:\/\/nipagri.com.br\/index.php\/wp-json\/wp\/v2\/pages\/286","targetHints":{"allow":["GET"]}}],"collection":[{"href":"https:\/\/nipagri.com.br\/index.php\/wp-json\/wp\/v2\/pages"}],"about":[{"href":"https:\/\/nipagri.com.br\/index.php\/wp-json\/wp\/v2\/types\/page"}],"author":[{"embeddable":true,"href":"https:\/\/nipagri.com.br\/index.php\/wp-json\/wp\/v2\/users\/1"}],"replies":[{"embeddable":true,"href":"https:\/\/nipagri.com.br\/index.php\/wp-json\/wp\/v2\/comments?post=286"}],"version-history":[{"count":10,"href":"https:\/\/nipagri.com.br\/index.php\/wp-json\/wp\/v2\/pages\/286\/revisions"}],"predecessor-version":[{"id":1138,"href":"https:\/\/nipagri.com.br\/index.php\/wp-json\/wp\/v2\/pages\/286\/revisions\/1138"}],"wp:attachment":[{"href":"https:\/\/nipagri.com.br\/index.php\/wp-json\/wp\/v2\/media?parent=286"}],"curies":[{"name":"wp","href":"https:\/\/api.w.org\/{rel}","templated":true}]}}